{"id":106,"date":"2025-07-09T15:06:26","date_gmt":"2025-07-09T18:06:26","guid":{"rendered":"https:\/\/fumter.niteroi.rj.gov.br\/?page_id=106"},"modified":"2026-04-09T13:39:49","modified_gmt":"2026-04-09T16:39:49","slug":"composicao","status":"publish","type":"page","link":"https:\/\/fumter.niteroi.rj.gov.br\/?page_id=106","title":{"rendered":"Composi\u00e7\u00e3o"},"content":{"rendered":"<h4><strong>1 \u2013 Coordenadora<\/strong><\/h4>\n<p><strong>NOME:\u00a0<\/strong>Livia Carollyna Silva Pereira<br \/>\n<strong>ENDERE\u00c7O:<\/strong>\u00a0R. Jorn. Rog\u00e9rio Coelho Neto, s\/n \u2013 Centro, Niter\u00f3i \u2013 RJ<br \/>\n<strong>CEP:\u00a0<\/strong>24020-011<br \/>\n<strong>TELEFONE:<\/strong>\u00a026200403 \u2013 435<br \/>\n<strong>E-MAIL:<\/strong>\u00a0liviapereira@niteroi.rj.gov.br<\/p>\n<hr \/>\n<h4><strong>2 \u2013 Secretaria Executiva do Codemter\/Niter\u00f3i<\/strong><\/h4>\n<p><strong>NOME:<\/strong> Pedro Paulo de Oliveira<br \/>\n<strong>ENDERE\u00c7O:<\/strong> R. Jorn. Rog\u00e9rio Coelho Neto, s\/n &#8211; Centro, Niter\u00f3i &#8211; RJ, 24020-011<br \/>\n<strong>CEP: <\/strong>24.240.320<br \/>\n<strong>TELEFONE:<\/strong> 26200403 &#8211; 435<br \/>\n<strong>E-MAIL:<\/strong> pedro.oliveira@niteroi.rj.gov.br<\/p>\n<hr \/>\n<p>&nbsp;<\/p>\n","protected":false},"excerpt":{"rendered":"<p>1 \u2013 Coordenadora NOME:\u00a0Livia Carollyna Silva Pereira ENDERE\u00c7O:\u00a0R. Jorn. Rog\u00e9rio Coelho Neto, s\/n \u2013 Centro, Niter\u00f3i \u2013 RJ CEP:\u00a024020-011 TELEFONE:\u00a026200403 \u2013 435 E-MAIL:\u00a0liviapereira@niteroi.rj.gov.br 2 \u2013 Secretaria Executiva do Codemter\/Niter\u00f3i NOME: Pedro Paulo de Oliveira ENDERE\u00c7O: R. Jorn. Rog\u00e9rio Coelho Neto, s\/n &#8211; Centro, Niter\u00f3i &#8211; RJ, 24020-011 CEP: 24.240.320 TELEFONE: 26200403 &#8211; 435 E-MAIL: pedro.oliveira@niteroi.rj.gov.br [&hellip;]<\/p>\n","protected":false},"author":1,"featured_media":0,"parent":0,"menu_order":0,"comment_status":"closed","ping_status":"closed","template":"","meta":{"_et_pb_use_builder":"","_et_pb_old_content":"","_et_gb_content_width":"","footnotes":""},"class_list":["post-106","page","type-page","status-publish","hentry"],"_links":{"self":[{"href":"https:\/\/fumter.niteroi.rj.gov.br\/index.php?rest_route=\/wp\/v2\/pages\/106","targetHints":{"allow":["GET"]}}],"collection":[{"href":"https:\/\/fumter.niteroi.rj.gov.br\/index.php?rest_route=\/wp\/v2\/pages"}],"about":[{"href":"https:\/\/fumter.niteroi.rj.gov.br\/index.php?rest_route=\/wp\/v2\/types\/page"}],"author":[{"embeddable":true,"href":"https:\/\/fumter.niteroi.rj.gov.br\/index.php?rest_route=\/wp\/v2\/users\/1"}],"replies":[{"embeddable":true,"href":"https:\/\/fumter.niteroi.rj.gov.br\/index.php?rest_route=%2Fwp%2Fv2%2Fcomments&post=106"}],"version-history":[{"count":11,"href":"https:\/\/fumter.niteroi.rj.gov.br\/index.php?rest_route=\/wp\/v2\/pages\/106\/revisions"}],"predecessor-version":[{"id":327,"href":"https:\/\/fumter.niteroi.rj.gov.br\/index.php?rest_route=\/wp\/v2\/pages\/106\/revisions\/327"}],"wp:attachment":[{"href":"https:\/\/fumter.niteroi.rj.gov.br\/index.php?rest_route=%2Fwp%2Fv2%2Fmedia&parent=106"}],"curies":[{"name":"wp","href":"https:\/\/api.w.org\/{rel}","templated":true}]}}