{"id":96,"date":"2025-07-09T15:04:16","date_gmt":"2025-07-09T18:04:16","guid":{"rendered":"https:\/\/fumter.niteroi.rj.gov.br\/?page_id=96"},"modified":"2026-04-08T11:38:32","modified_gmt":"2026-04-08T14:38:32","slug":"composicao-da-coordenadoria","status":"publish","type":"page","link":"https:\/\/fumter.niteroi.rj.gov.br\/?page_id=96","title":{"rendered":"Composi\u00e7\u00e3o da coordenadoria"},"content":{"rendered":"<h2>Coordenadoria de Trabalho, Emprego e Renda (COTER\/NITER\u00d3I)<\/h2>\n<h4><\/h4>\n<h4><strong>1 &#8211; Coordenadora<\/strong><\/h4>\n<p><strong>NOME: <\/strong>Livia Carollyna Silva Pereira<br \/>\n<strong>ENDERE\u00c7O:<\/strong> R. Jorn. Rog\u00e9rio Coelho Neto, s\/n &#8211; Centro, Niter\u00f3i &#8211; RJ<br \/>\n<strong>CEP: <\/strong>24020-011<br \/>\n<strong>TELEFONE:<\/strong> 26200403 \u2013 435<br \/>\n<strong>E-MAIL:<\/strong> liviapereira@niteroi.rj.gov.br<\/p>\n<hr \/>\n<h4><\/h4>\n<h4><strong>2 &#8211; Secretaria Executiva do Codemter\/Niter\u00f3i<\/strong><\/h4>\n<p><strong>NOME:<\/strong>\u00a0Pedro Paulo de Oliveira<br \/>\n<strong>ENDERE\u00c7O:<\/strong> R. Jorn. Rog\u00e9rio Coelho Neto, s\/n &#8211; Centro, Niter\u00f3i &#8211; RJ<br \/>\n<strong>CEP: <\/strong>24020-011<br \/>\n<strong>TELEFONE:<\/strong> 26200403 \u2013 435<br \/>\n<strong>E-MAIL:<\/strong> pedro.oliveira@niteroi.rj.gov.br<\/p>\n<hr \/>\n<h4><\/h4>\n<h4><strong>3 &#8211; Assessoria de contabilidade e finan\u00e7as<\/strong><\/h4>\n<p><strong>NOME: <\/strong>Claudio da Silva Lima<br \/>\n<strong>ENDERE\u00c7O:<\/strong> R. Jorn. Rog\u00e9rio Coelho Neto, s\/n &#8211; Centro, Niter\u00f3i &#8211; RJ<br \/>\n<strong>CEP: <\/strong>24020-011<br \/>\n<strong>TELEFONE:<\/strong> 26200403 \u2013 435<br \/>\n<strong>E-MAIL: <\/strong>claudio.silva@niteroi.rj.gov.br<\/p>\n<hr \/>\n<h4><\/h4>\n<h4><strong>4 &#8211; Assessoria de comunica\u00e7\u00f5es<\/strong><\/h4>\n<p><strong>NOME: <\/strong>Lu\u00eds Felipe Soares dos Santos<br \/>\n<strong>ENDERE\u00c7O:<\/strong> R. Jorn. Rog\u00e9rio Coelho Neto, s\/n &#8211; Centro, Niter\u00f3i &#8211; RJ<br \/>\n<strong>CEP: <\/strong>24020-011<br \/>\n<strong>TELEFONE:<\/strong> 26200403 \u2013 435<br \/>\n<strong>E-MAIL: <\/strong>luisfelipe@niteroi.rj.gov.br<\/p>\n<hr \/>\n<h4><\/h4>\n<h4><strong>5 &#8211; Assessor<\/strong><\/h4>\n<p><strong>NOME: <\/strong>J\u00f4nathan Emmanuel da Silva Will<br \/>\n<strong>ENDERE\u00c7O:<\/strong> R. Jorn. Rog\u00e9rio Coelho Neto, s\/n &#8211; Centro, Niter\u00f3i &#8211; RJ<br \/>\n<strong>CEP: <\/strong>24020-011<br \/>\n<strong>TELEFONE:<\/strong> 26200403 \u2013 435<br \/>\n<strong>E-MAIL: <\/strong>\u00a0jonathan.will@niteroi.rj.gov.br<\/p>\n","protected":false},"excerpt":{"rendered":"<p>Coordenadoria de Trabalho, Emprego e Renda (COTER\/NITER\u00d3I) 1 &#8211; Coordenadora NOME: Livia Carollyna Silva Pereira ENDERE\u00c7O: R. Jorn. Rog\u00e9rio Coelho Neto, s\/n &#8211; Centro, Niter\u00f3i &#8211; RJ CEP: 24020-011 TELEFONE: 26200403 \u2013 435 E-MAIL: liviapereira@niteroi.rj.gov.br 2 &#8211; Secretaria Executiva do Codemter\/Niter\u00f3i NOME:\u00a0Pedro Paulo de Oliveira ENDERE\u00c7O: R. Jorn. Rog\u00e9rio Coelho Neto, s\/n &#8211; Centro, Niter\u00f3i [&hellip;]<\/p>\n","protected":false},"author":1,"featured_media":0,"parent":0,"menu_order":0,"comment_status":"closed","ping_status":"closed","template":"","meta":{"_et_pb_use_builder":"","_et_pb_old_content":"","_et_gb_content_width":"","footnotes":""},"class_list":["post-96","page","type-page","status-publish","hentry"],"_links":{"self":[{"href":"https:\/\/fumter.niteroi.rj.gov.br\/index.php?rest_route=\/wp\/v2\/pages\/96","targetHints":{"allow":["GET"]}}],"collection":[{"href":"https:\/\/fumter.niteroi.rj.gov.br\/index.php?rest_route=\/wp\/v2\/pages"}],"about":[{"href":"https:\/\/fumter.niteroi.rj.gov.br\/index.php?rest_route=\/wp\/v2\/types\/page"}],"author":[{"embeddable":true,"href":"https:\/\/fumter.niteroi.rj.gov.br\/index.php?rest_route=\/wp\/v2\/users\/1"}],"replies":[{"embeddable":true,"href":"https:\/\/fumter.niteroi.rj.gov.br\/index.php?rest_route=%2Fwp%2Fv2%2Fcomments&post=96"}],"version-history":[{"count":13,"href":"https:\/\/fumter.niteroi.rj.gov.br\/index.php?rest_route=\/wp\/v2\/pages\/96\/revisions"}],"predecessor-version":[{"id":322,"href":"https:\/\/fumter.niteroi.rj.gov.br\/index.php?rest_route=\/wp\/v2\/pages\/96\/revisions\/322"}],"wp:attachment":[{"href":"https:\/\/fumter.niteroi.rj.gov.br\/index.php?rest_route=%2Fwp%2Fv2%2Fmedia&parent=96"}],"curies":[{"name":"wp","href":"https:\/\/api.w.org\/{rel}","templated":true}]}}